{"id":7559,"date":"2026-04-10T19:29:14","date_gmt":"2026-04-10T17:29:14","guid":{"rendered":"https:\/\/persia-art.com\/?post_type=product&#038;p=7559"},"modified":"2026-04-10T19:58:27","modified_gmt":"2026-04-10T17:58:27","slug":"porteur-doffrande","status":"publish","type":"product","link":"https:\/\/persia-art.com\/en\/product\/porteur-doffrande\/","title":{"rendered":"Porteur d\u2019offrande"},"content":{"rendered":"<div id=\"content-toggle-product-details-read-more\" class=\"wt-content-toggle__body wt-content-toggle__body--truncated wt-content-toggle__body--truncated-02\" aria-hidden=\"false\">\n<p class=\"wt-text-body-01 wt-break-word\" data-product-details-description-text-content=\"\">Le bas-relief assyrien <strong>Porteur d\u2019offrande<\/strong> est une \u0153uvre embl\u00e9matique de l\u2019art de la M\u00e9sopotamie antique.<br \/>\nIl montre g\u00e9n\u00e9ralement un homme barbu, richement v\u00eatu, tenant un animal destin\u00e9 \u00e0 une offrande rituelle.<br \/>\nCe type de sc\u00e8ne \u00e9tait courant dans les palais des rois assyriens, notamment sous le r\u00e8gne de Assurnasirpal II.<br \/>\nLes d\u00e9tails minutieux de la barbe, des cheveux et des v\u00eatements refl\u00e8tent le savoir-faire remarquable des sculpteurs.<br \/>\nLe personnage adopte une posture calme et solennelle, traduisant le respect et la dimension sacr\u00e9e du geste.<br \/>\nL\u2019animal port\u00e9, souvent un mouton ou une ch\u00e8vre, symbolise le sacrifice et la d\u00e9votion aux divinit\u00e9s.<br \/>\nCes reliefs proviennent des palais royaux Dur sharrukin, notamment celui du roi Assurnasirpal II (IXe si\u00e8cle av. J.-C.).<br \/>\nCe tableau est con\u00e7u en ch\u00e9ne massif lamell\u00e9 coll\u00e9 , fa\u00e7onn\u00e9 avec soin milimetre pr\u00e8s par modelisation 3D et fraisage CNC, puis minutieusement fini \u00e0 la main par les artistes de demain. Chaque d\u00e9tail est travaill\u00e9 avec pr\u00e9cision pour mettre en valeur l\u2019\u0153uvre et en parfaire l\u2019esth\u00e9tique, refl\u00e9tant un savoir-faire artistique unique et un souci d\u2019excellence.<br \/>\nMade in France<br \/>\nTailes:<br \/>\nBusiller (Half hight):<br \/>\nsmall 2Ox27x2.2 cm<br \/>\nlarge 30x40x2.2 cm<br \/>\nHaute (Full hight) :<br \/>\nsmall 20x39x2,2 cm<br \/>\nlarge 30x58x2.2 cm<\/p>\n<\/div>","protected":false},"excerpt":{"rendered":"<p>Le bas-relief assyrien Porteur d\u2019offrande est une \u0153uvre embl\u00e9matique de l\u2019art de la M\u00e9sopotamie antique. Il montre g\u00e9n\u00e9ralement un homme barbu, richement v\u00eatu, tenant un animal destin\u00e9 \u00e0 une offrande rituelle. Ce type de sc\u00e8ne \u00e9tait courant dans les palais des rois assyriens, notamment sous le r\u00e8gne de Assurnasirpal II. Les d\u00e9tails minutieux de la [&hellip;]<\/p>\n","protected":false},"featured_media":7566,"comment_status":"open","ping_status":"closed","template":"","meta":{"iawp_total_views":76},"product_brand":[],"product_cat":[193],"product_tag":[],"class_list":{"0":"post-7559","1":"product","2":"type-product","3":"status-publish","4":"has-post-thumbnail","6":"product_cat-tribu","7":"product_shipping_class-leger","9":"first","10":"instock","11":"sale","12":"featured","13":"shipping-taxable","14":"purchasable","15":"product-type-variable"},"_links":{"self":[{"href":"https:\/\/persia-art.com\/en\/wp-json\/wp\/v2\/product\/7559","targetHints":{"allow":["GET"]}}],"collection":[{"href":"https:\/\/persia-art.com\/en\/wp-json\/wp\/v2\/product"}],"about":[{"href":"https:\/\/persia-art.com\/en\/wp-json\/wp\/v2\/types\/product"}],"replies":[{"embeddable":true,"href":"https:\/\/persia-art.com\/en\/wp-json\/wp\/v2\/comments?post=7559"}],"version-history":[{"count":2,"href":"https:\/\/persia-art.com\/en\/wp-json\/wp\/v2\/product\/7559\/revisions"}],"predecessor-version":[{"id":7576,"href":"https:\/\/persia-art.com\/en\/wp-json\/wp\/v2\/product\/7559\/revisions\/7576"}],"wp:featuredmedia":[{"embeddable":true,"href":"https:\/\/persia-art.com\/en\/wp-json\/wp\/v2\/media\/7566"}],"wp:attachment":[{"href":"https:\/\/persia-art.com\/en\/wp-json\/wp\/v2\/media?parent=7559"}],"wp:term":[{"taxonomy":"product_brand","embeddable":true,"href":"https:\/\/persia-art.com\/en\/wp-json\/wp\/v2\/product_brand?post=7559"},{"taxonomy":"product_cat","embeddable":true,"href":"https:\/\/persia-art.com\/en\/wp-json\/wp\/v2\/product_cat?post=7559"},{"taxonomy":"product_tag","embeddable":true,"href":"https:\/\/persia-art.com\/en\/wp-json\/wp\/v2\/product_tag?post=7559"}],"curies":[{"name":"wp","href":"https:\/\/api.w.org\/{rel}","templated":true}]}}