{"id":6898,"date":"2025-07-05T11:11:54","date_gmt":"2025-07-05T09:11:54","guid":{"rendered":"https:\/\/persia-art.com\/?post_type=product&#038;p=6898"},"modified":"2026-04-10T23:44:15","modified_gmt":"2026-04-10T21:44:15","slug":"lion-du-palais-de-darius-sclupte-en-marbre-70x52-copie","status":"publish","type":"product","link":"https:\/\/persia-art.com\/en\/product\/lion-du-palais-de-darius-sclupte-en-marbre-70x52-copie\/","title":{"rendered":"Bas relief of Mohamad Reza Shah sculpted in marble 40\u00d740"},"content":{"rendered":"<p><strong>Mohammad Reza Shah Pahlavi<\/strong>, Iran&#039;s last monarch, reigned from 1941 to 1979 and played a central role in the country&#039;s modernization. A visionary reformer, he launched the White Revolution, a vast program of economic, social, and cultural reforms that profoundly transformed Iran. During his reign, education expanded significantly, women gained greater rights, and industry and infrastructure experienced unprecedented growth. He worked to make Iran a modern and influential power on the international stage. A champion of progress and national sovereignty, he sought to unite tradition and modernity. Despite the challenges of his time, Mohammad Reza Shah leaves the legacy of a forward-looking Iran, marked by profound social and economic transformation.<\/p>\n<p><em><strong>This artwork<\/strong> <strong>is crafted<\/strong><\/em> in reconstituted marble (a mixture of marble powder and resin), carefully shaped to the nearest millimeter by 3D modeling and molding, then meticulously hand-finished by domain artists. Every detail is worked with precision to highlight the work and perfect its aesthetic, reflecting unique artistic know-how and a concern for excellence.<\/p>","protected":false},"excerpt":{"rendered":"<p>Mohammad Reza Shah Pahlavi, dernier monarque d\u2019Iran, r\u00e9gna de 1941 \u00e0 1979 et joua un r\u00f4le central dans la modernisation du pays. Visionnaire et r\u00e9formateur, il lan\u00e7a la R\u00e9volution blanche, un vaste programme de r\u00e9formes \u00e9conomiques, sociales et culturelles qui transforma profond\u00e9ment l\u2019Iran. Sous son r\u00e8gne, l&rsquo;\u00e9ducation se d\u00e9veloppa largement, les femmes obtinrent davantage de [&hellip;]<\/p>\n","protected":false},"featured_media":7440,"comment_status":"open","ping_status":"closed","template":"","meta":{"iawp_total_views":23},"product_brand":[],"product_cat":[192,294],"product_tag":[],"class_list":{"0":"post-6898","1":"product","2":"type-product","3":"status-publish","4":"has-post-thumbnail","6":"product_cat-audience","7":"product_cat-pahlavi-dynesty","8":"product_shipping_class-moyen","10":"first","11":"instock","12":"sale","13":"featured","14":"shipping-taxable","15":"purchasable","16":"product-type-simple"},"_links":{"self":[{"href":"https:\/\/persia-art.com\/en\/wp-json\/wp\/v2\/product\/6898","targetHints":{"allow":["GET"]}}],"collection":[{"href":"https:\/\/persia-art.com\/en\/wp-json\/wp\/v2\/product"}],"about":[{"href":"https:\/\/persia-art.com\/en\/wp-json\/wp\/v2\/types\/product"}],"replies":[{"embeddable":true,"href":"https:\/\/persia-art.com\/en\/wp-json\/wp\/v2\/comments?post=6898"}],"version-history":[{"count":3,"href":"https:\/\/persia-art.com\/en\/wp-json\/wp\/v2\/product\/6898\/revisions"}],"predecessor-version":[{"id":6905,"href":"https:\/\/persia-art.com\/en\/wp-json\/wp\/v2\/product\/6898\/revisions\/6905"}],"wp:featuredmedia":[{"embeddable":true,"href":"https:\/\/persia-art.com\/en\/wp-json\/wp\/v2\/media\/7440"}],"wp:attachment":[{"href":"https:\/\/persia-art.com\/en\/wp-json\/wp\/v2\/media?parent=6898"}],"wp:term":[{"taxonomy":"product_brand","embeddable":true,"href":"https:\/\/persia-art.com\/en\/wp-json\/wp\/v2\/product_brand?post=6898"},{"taxonomy":"product_cat","embeddable":true,"href":"https:\/\/persia-art.com\/en\/wp-json\/wp\/v2\/product_cat?post=6898"},{"taxonomy":"product_tag","embeddable":true,"href":"https:\/\/persia-art.com\/en\/wp-json\/wp\/v2\/product_tag?post=6898"}],"curies":[{"name":"wp","href":"https:\/\/api.w.org\/{rel}","templated":true}]}}