{"id":9,"date":"2025-06-07T15:48:53","date_gmt":"2025-06-07T13:48:53","guid":{"rendered":"https:\/\/persia-art.com\/?page_id=9"},"modified":"2025-06-07T15:57:12","modified_gmt":"2025-06-07T13:57:12","slug":"refund_returns","status":"publish","type":"page","link":"https:\/\/persia-art.com\/en\/refund_returns\/","title":{"rendered":"Refund and Returns Policy"},"content":{"rendered":"<div data-elementor-type=\"wp-page\" data-elementor-id=\"9\" class=\"elementor elementor-9\">\n\t\t\t\t<div class=\"elementor-element elementor-element-7c1efa9a e-flex e-con-boxed e-con e-parent\" data-id=\"7c1efa9a\" data-element_type=\"container\" data-e-type=\"container\">\r\n\t\t\t\t\t<div class=\"e-con-inner\">\r\n\t\t\t\t<div class=\"elementor-element elementor-element-a4205d2 elementor-widget elementor-widget-text-editor\" data-id=\"a4205d2\" data-element_type=\"widget\" data-e-type=\"widget\" data-widget_type=\"text-editor.default\">\n\t\t\t\t<div class=\"elementor-widget-container\">\n\t\t\t\t\t\t\t\t\t<h3 style=\"text-align: center;\" data-start=\"110\" data-end=\"329\"><span style=\"font-size: 20px; color: #000000;\"><strong>Return and Refund Policy\u00a0<\/strong><\/span><\/h3>\n<p style=\"text-align: left;\" data-start=\"110\" data-end=\"329\">Our return and refund policy is valid for 30 days. If more than 30 days have passed since your purchase, unfortunately we cannot offer you a full refund or exchange.<\/p>\n<p data-start=\"331\" data-end=\"506\">To be eligible for a return, your item must be unused and in the same condition that you received it. It must also be in its original packaging.<\/p>\n<hr data-start=\"1533\" data-end=\"1536\" \/>\n<h4 data-start=\"1538\" data-end=\"1560\"><strong data-start=\"1542\" data-end=\"1560\">Refunds<\/strong><\/h4>\n<p data-start=\"1562\" data-end=\"1784\">Once your return is received and inspected, we will send you an email to notify you that we have received your returned item. We will also notify you of the approval or rejection of your refund.<\/p>\n<p data-start=\"1786\" data-end=\"1983\">If your request is approved, then your refund will be processed, and a credit will automatically be applied to your credit card or original method of payment, within a certain amount of time.<\/p>\n<hr data-start=\"1985\" data-end=\"1988\" \/>\n<h4 data-start=\"1990\" data-end=\"2033\"><strong data-start=\"1994\" data-end=\"2033\">Delays or missing refunds<\/strong><\/h4>\n<p data-start=\"2035\" data-end=\"2086\">If you have not yet received a refund:<\/p>\n<ol data-start=\"2087\" data-end=\"2582\">\n<li data-start=\"2087\" data-end=\"2141\">\n<p data-start=\"2090\" data-end=\"2141\">First, check your bank account again.<\/p>\n<\/li>\n<li data-start=\"2142\" data-end=\"2290\">\n<p data-start=\"2145\" data-end=\"2290\">Then contact your credit card company, as there may be a delay before your refund is officially posted.<\/p>\n<\/li>\n<li data-start=\"2291\" data-end=\"2417\">\n<p data-start=\"2294\" data-end=\"2417\">Next, contact your bank. There is often some processing time before a refund is posted.<\/p>\n<\/li>\n<li data-start=\"2418\" data-end=\"2582\">\n<p data-start=\"2421\" data-end=\"2582\">If after completing all these steps you still have not received your refund, please contact us at the following address: <strong data-start=\"2562\" data-end=\"2582\">contact@persia-art.com<\/strong><\/p>\n<\/li>\n<\/ol>\n<hr data-start=\"2584\" data-end=\"2587\" \/>\n<h4 data-start=\"2589\" data-end=\"2614\"><strong data-start=\"2593\" data-end=\"2614\">Sale items<\/strong><\/h4>\n<p data-start=\"2616\" data-end=\"2722\">Only regular-priced items are eligible for a refund. Sale items are non-refundable.<\/p>\n<p data-start=\"3233\" data-end=\"3478\">\u00a0<\/p>\n<hr data-start=\"3480\" data-end=\"3483\" \/>\n<h4 data-start=\"3485\" data-end=\"3512\"><strong data-start=\"3489\" data-end=\"3512\">Return of items<\/strong><\/h4>\n<p data-start=\"3514\" data-end=\"3591\">To return your product, you must send it to:\u00a0<\/p>\n<h4 data-start=\"3514\" data-end=\"3591\"><strong><span style=\"color: #000000; font-size: 14px;\"><em>Persia Art<\/em><\/span><\/strong><\/h4>\n<h4 data-start=\"3514\" data-end=\"3591\"><strong><span style=\"color: #000000; font-size: 14px;\"><em>5 All\u00e9e des Verdiers<\/em><\/span><\/strong><\/h4>\n<h4 data-start=\"3514\" data-end=\"3591\"><strong><span style=\"color: #000000; font-size: 14px;\"><em>Chatou 78400<\/em><\/span><\/strong><\/h4>\n<h4 data-start=\"3514\" data-end=\"3591\"><strong><span style=\"color: #000000; font-size: 14px;\"><em>France<\/em><\/span><\/strong><\/h4>\n<p data-start=\"3593\" data-end=\"3768\"><strong><em><span style=\"text-decoration: underline;\">Return shipping costs are your responsibility<\/span><\/em><\/strong>Shipping costs are non-refundable. If you receive a refund, the cost of return shipping will be deducted from your refund.<\/p>\n<p data-start=\"3770\" data-end=\"3860\">Depending on where you live, the time it may take to receive your exchanged item may vary.<\/p>\n<p data-start=\"3862\" data-end=\"4078\">For high-value items, we recommend using a trackable shipping service or purchasing shipping insurance. We don&#039;t guarantee that we will receive your returned item.<\/p>\n<p><!-- \/wp:paragraph --><\/p>\t\t\t\t\t\t\t\t<\/div>\n\t\t\t\t<\/div>\n\t\t\t\t\t<\/div>\n\t\t\t\t<\/div>\n\t\t\t\t<\/div>","protected":false},"excerpt":{"rendered":"<p>Politique de retour et remboursement\u00a0 Notre politique de retour et de remboursement est valable pendant 30 jours. Si plus de 30 jours se sont \u00e9coul\u00e9s depuis votre achat, nous ne pouvons malheureusement pas vous offrir un remboursement complet ni un \u00e9change. Pour pouvoir \u00eatre retourn\u00e9, votre article doit \u00eatre inutilis\u00e9 et dans le m\u00eame \u00e9tat [&hellip;]<\/p>\n","protected":false},"author":1,"featured_media":0,"parent":0,"menu_order":0,"comment_status":"closed","ping_status":"closed","template":"","meta":{"iawp_total_views":9,"footnotes":""},"class_list":["post-9","page","type-page","status-publish","hentry"],"_links":{"self":[{"href":"https:\/\/persia-art.com\/en\/wp-json\/wp\/v2\/pages\/9","targetHints":{"allow":["GET"]}}],"collection":[{"href":"https:\/\/persia-art.com\/en\/wp-json\/wp\/v2\/pages"}],"about":[{"href":"https:\/\/persia-art.com\/en\/wp-json\/wp\/v2\/types\/page"}],"author":[{"embeddable":true,"href":"https:\/\/persia-art.com\/en\/wp-json\/wp\/v2\/users\/1"}],"replies":[{"embeddable":true,"href":"https:\/\/persia-art.com\/en\/wp-json\/wp\/v2\/comments?post=9"}],"version-history":[{"count":5,"href":"https:\/\/persia-art.com\/en\/wp-json\/wp\/v2\/pages\/9\/revisions"}],"predecessor-version":[{"id":7230,"href":"https:\/\/persia-art.com\/en\/wp-json\/wp\/v2\/pages\/9\/revisions\/7230"}],"wp:attachment":[{"href":"https:\/\/persia-art.com\/en\/wp-json\/wp\/v2\/media?parent=9"}],"curies":[{"name":"wp","href":"https:\/\/api.w.org\/{rel}","templated":true}]}}